{"id":294,"date":"2021-09-07T22:56:31","date_gmt":"2021-09-07T22:56:31","guid":{"rendered":"http:\/\/wp.laredoantidoping.com\/?page_id=294"},"modified":"2021-11-09T21:04:39","modified_gmt":"2021-11-09T21:04:39","slug":"dot-testing","status":"publish","type":"page","link":"https:\/\/www.laredoantidoping.com\/es\/dot-testing\/","title":{"rendered":"DOT Prueba"},"content":{"rendered":"<div data-elementor-type=\"wp-page\" data-elementor-id=\"294\" class=\"elementor elementor-294\">\n\t\t\t\t\t\t<section class=\"elementor-section elementor-top-section elementor-element elementor-element-7d56ba6 elementor-section-boxed elementor-section-height-default elementor-section-height-default\" data-id=\"7d56ba6\" data-element_type=\"section\">\n\t\t\t\t\t\t<div class=\"elementor-container elementor-column-gap-default\">\n\t\t\t\t\t<div class=\"elementor-column elementor-col-100 elementor-top-column elementor-element elementor-element-92e3e70\" data-id=\"92e3e70\" data-element_type=\"column\">\n\t\t\t<div class=\"elementor-widget-wrap elementor-element-populated\">\n\t\t\t\t\t\t<div class=\"elementor-element elementor-element-b21786b elementor-widget elementor-widget-heading\" data-id=\"b21786b\" data-element_type=\"widget\" data-widget_type=\"heading.default\">\n\t\t\t\t<div class=\"elementor-widget-container\">\n\t\t\t\t\t<h1 class=\"elementor-heading-title elementor-size-default\">DOT Prueba<\/h1>\t\t\t\t<\/div>\n\t\t\t\t<\/div>\n\t\t\t\t\t<\/div>\n\t\t<\/div>\n\t\t\t\t\t<\/div>\n\t\t<\/section>\n\t\t\t\t<section class=\"elementor-section elementor-top-section elementor-element elementor-element-170bb3a elementor-section-boxed elementor-section-height-default elementor-section-height-default\" data-id=\"170bb3a\" data-element_type=\"section\">\n\t\t\t\t\t\t<div class=\"elementor-container elementor-column-gap-default\">\n\t\t\t\t\t<div class=\"elementor-column elementor-col-50 elementor-top-column elementor-element elementor-element-ec4fcad\" data-id=\"ec4fcad\" data-element_type=\"column\">\n\t\t\t<div class=\"elementor-widget-wrap elementor-element-populated\">\n\t\t\t\t\t\t<div class=\"elementor-element elementor-element-57157cc elementor-widget elementor-widget-text-editor\" data-id=\"57157cc\" data-element_type=\"widget\" data-widget_type=\"text-editor.default\">\n\t\t\t\t<div class=\"elementor-widget-container\">\n\t\t\t\t\t\t\t\t\t<table border=\"0\" width=\"0%\"><tbody><tr><td scope=\"col\"><p align=\"left\"><em><strong>Pruebas del DOT de drogas<\/strong><\/em> son introducidos por el Departamento de Transporte o DOT en los EE.UU.. Estas normas de ensayo y directrices son el punto de referencia para las pruebas de los empleados de las drogas.<\/p><p align=\"left\"><em><strong>\u00bfQu\u00e9 es una prueba de drogas del DOT?<\/strong><\/em><br \/>Antes de que una organizaci\u00f3n contrata a una persona, es necesario que la pantalla de la persona por cualquier abuso de drogas. Los procedimientos de estas pruebas se rigen por las normas del DOT. Estas son las pruebas de drogas y el DOT son obligatorias para todas las organizaciones.\u00a0<em><strong>Pruebas del DOT de drogas<\/strong><\/em>\u00a0\u00bfQu\u00e9 es una prueba de drogas del DOT?\n\nAntes de que una organizaci\u00f3n contrata a una persona, es necesario que la pantalla de la persona por cualquier abuso de drogas. Los procedimientos de estas pruebas se rigen por las normas del DOT. Estas son las pruebas de drogas y el DOT son obligatorias para todas las organizaciones.<\/p><\/td><\/tr><\/tbody><\/table>\t\t\t\t\t\t\t\t<\/div>\n\t\t\t\t<\/div>\n\t\t\t\t\t<\/div>\n\t\t<\/div>\n\t\t\t\t<div class=\"elementor-column elementor-col-50 elementor-top-column elementor-element elementor-element-dca2304\" data-id=\"dca2304\" data-element_type=\"column\">\n\t\t\t<div class=\"elementor-widget-wrap elementor-element-populated\">\n\t\t\t\t\t\t<div class=\"elementor-element elementor-element-36e1f80 elementor-widget elementor-widget-image\" data-id=\"36e1f80\" data-element_type=\"widget\" data-widget_type=\"image.default\">\n\t\t\t\t<div class=\"elementor-widget-container\">\n\t\t\t\t\t\t\t\t\t\t\t\t\t\t\t<img fetchpriority=\"high\" decoding=\"async\" width=\"690\" height=\"460\" src=\"https:\/\/www.laredoantidoping.com\/wp-content\/uploads\/2021\/10\/who-1024x683.jpg\" class=\"attachment-large size-large wp-image-912\" alt=\"\" srcset=\"https:\/\/www.laredoantidoping.com\/wp-content\/uploads\/2021\/10\/who-1024x683.jpg 1024w, https:\/\/www.laredoantidoping.com\/wp-content\/uploads\/2021\/10\/who-300x200.jpg 300w, https:\/\/www.laredoantidoping.com\/wp-content\/uploads\/2021\/10\/who-768x512.jpg 768w, https:\/\/www.laredoantidoping.com\/wp-content\/uploads\/2021\/10\/who.jpg 1200w\" sizes=\"(max-width: 690px) 100vw, 690px\" \/>\t\t\t\t\t\t\t\t\t\t\t\t\t\t\t<\/div>\n\t\t\t\t<\/div>\n\t\t\t\t\t<\/div>\n\t\t<\/div>\n\t\t\t\t\t<\/div>\n\t\t<\/section>\n\t\t\t\t<section class=\"elementor-section elementor-top-section elementor-element elementor-element-1f8d152 elementor-section-boxed elementor-section-height-default elementor-section-height-default\" data-id=\"1f8d152\" data-element_type=\"section\">\n\t\t\t\t\t\t<div class=\"elementor-container elementor-column-gap-default\">\n\t\t\t\t\t<div class=\"elementor-column elementor-col-100 elementor-top-column elementor-element elementor-element-317aa6f\" data-id=\"317aa6f\" data-element_type=\"column\">\n\t\t\t<div class=\"elementor-widget-wrap elementor-element-populated\">\n\t\t\t\t\t\t<section class=\"elementor-section elementor-inner-section elementor-element elementor-element-0d9e004 elementor-section-boxed elementor-section-height-default elementor-section-height-default\" data-id=\"0d9e004\" data-element_type=\"section\">\n\t\t\t\t\t\t<div class=\"elementor-container elementor-column-gap-default\">\n\t\t\t\t\t<div class=\"elementor-column elementor-col-50 elementor-inner-column elementor-element elementor-element-05ed867\" data-id=\"05ed867\" data-element_type=\"column\">\n\t\t\t<div class=\"elementor-widget-wrap elementor-element-populated\">\n\t\t\t\t\t\t\t<\/div>\n\t\t<\/div>\n\t\t\t\t<div class=\"elementor-column elementor-col-50 elementor-inner-column elementor-element elementor-element-cac42b8\" data-id=\"cac42b8\" data-element_type=\"column\">\n\t\t\t<div class=\"elementor-widget-wrap\">\n\t\t\t\t\t\t\t<\/div>\n\t\t<\/div>\n\t\t\t\t\t<\/div>\n\t\t<\/section>\n\t\t\t\t\t<\/div>\n\t\t<\/div>\n\t\t\t\t\t<\/div>\n\t\t<\/section>\n\t\t\t\t<section class=\"elementor-section elementor-top-section elementor-element elementor-element-07c913d elementor-section-boxed elementor-section-height-default elementor-section-height-default\" data-id=\"07c913d\" data-element_type=\"section\">\n\t\t\t\t\t\t<div class=\"elementor-container elementor-column-gap-default\">\n\t\t\t\t\t<div class=\"elementor-column elementor-col-100 elementor-top-column elementor-element elementor-element-6797713\" data-id=\"6797713\" data-element_type=\"column\">\n\t\t\t<div class=\"elementor-widget-wrap elementor-element-populated\">\n\t\t\t\t\t\t<div class=\"elementor-element elementor-element-eacf871 elementor-widget elementor-widget-text-editor\" data-id=\"eacf871\" data-element_type=\"widget\" data-widget_type=\"text-editor.default\">\n\t\t\t\t<div class=\"elementor-widget-container\">\n\t\t\t\t\t\t\t\t\t<table style=\"height: 1102px;\" border=\"0\" width=\"613\" align=\"center\"><tbody><tr><td scope=\"col\" valign=\"top\" bgcolor=\"#BFE1F4\" width=\"99\">\u00a0<\/td><td scope=\"col\" valign=\"top\" bgcolor=\"#BFE1F4\" width=\"99\">Oficina<\/td><td scope=\"col\" valign=\"top\" bgcolor=\"#BFE1F4\" width=\"108\">M\u00f3vil<\/td><\/tr><tr><td valign=\"top\"><strong>DOT pruebas de drogas de la pantalla:<br \/><\/strong>Pruebas de una muestra de cinco drogas opi\u00e1ceos, PCP, anfetaminas \/ metanfetaminas, marihuana y coca\u00edna.<\/td><td valign=\"top\">$50.00<\/td><td valign=\"top\">$55.00<em>\u00a0Min. 3 colecciones<\/em><\/td><\/tr><tr><td valign=\"top\" bgcolor=\"#CCCCCC\"><strong>DOT \"colecci\u00f3n \u00fanica\" droga de servicios de prueba de pantalla.<\/strong>.<\/td><td valign=\"top\" bgcolor=\"#CCCCCC\">$20.00<\/td><td valign=\"top\" bgcolor=\"#CCCCCC\">$25.00 <em>Min. 3 colecciones<\/em><\/td><\/tr><tr><td valign=\"top\"><strong>DOT pantalla de alcohol:<br \/><\/strong>Aprobado por el DOT prueba de aliento de alcohol y \/ u orina 5 prueba de drogas panel.<\/td><td valign=\"top\">$25.00<\/td><td valign=\"top\">$30.00<\/td><\/tr><tr><td valign=\"top\" bgcolor=\"#CCCCCC\"><strong>F\u00edsica DOT:<br \/><\/strong>We will check your height, weight, blood pressure, vision and hearing.<br \/>One of our doctors will conduct a thorough physical examination to determine your physical ability to drive<\/td><td valign=\"top\" bgcolor=\"#CCCCCC\">$60.00<\/td><td valign=\"top\" bgcolor=\"#CCCCCC\">\u00a0<\/td><\/tr><tr><td valign=\"top\"><strong>Emergency Services\/After Hours<\/strong><\/td><td valign=\"top\">$40.00 hr.<em><br \/>m\u00e1s el examen<\/em><\/td><td valign=\"top\">\u00a0<\/td><\/tr><tr><td valign=\"top\" bgcolor=\"#CCCCCC\"><strong>Tiempo de espera m\u00f3vil:<br \/><\/strong><em>(Lunes-Viernes: 8am a 5pm y programada antes de las 4:30 pm)<\/em><\/td><td valign=\"top\" bgcolor=\"#CCCCCC\">$20.00 hr.<br \/><em>m\u00e1s el examen<\/em><\/td><td valign=\"top\" bgcolor=\"#CCCCCC\">\u00a0<\/td><\/tr><tr><td valign=\"top\"><strong>Kilometraje:<\/strong><em>\u00a0(ida y mayor de 20 millas a la redonda).<\/em><\/td><td valign=\"top\">55\u00a2 x mile<\/td><td valign=\"top\">\u00a0<\/td><\/tr><tr><td valign=\"top\" bgcolor=\"#CCCCCC\"><strong>DOT del programa de configuraci\u00f3n al azar:<br \/><\/strong>Contract.<\/td><td valign=\"top\" bgcolor=\"#CCCCCC\">$100.00<br \/><em>por a\u00f1o<\/em><\/td><td valign=\"top\" bgcolor=\"#CCCCCC\">\u00a0<\/td><\/tr><tr><td valign=\"top\"><strong>DOT despu\u00e9s de las horas en la oficina<br \/><\/strong>24 x 7 en el servicio de guardia.<\/td><td valign=\"top\">$40.00hr.<br \/><em>m\u00e1s el examen<\/em><\/td><td valign=\"top\">\u00a0<\/td><\/tr><tr><td valign=\"top\" bgcolor=\"#CCCCCC\"><strong>Curso Sospecha Rasonable<br \/><\/strong>Ofrecemos el alcohol y las drogas de capacitaci\u00f3n para los supervisores de la educaci\u00f3n que necesitan el DOT requiere y la conciencia de los signos y s\u00edntomas de abuso de sustancia de trabajo para apoyar sus pol\u00edticas de libre de drogas y procedimientos de trabajo.<\/td><td valign=\"top\" bgcolor=\"#CCCCCC\">$75.00<br \/><em>por persona<\/em><\/td><td valign=\"top\" bgcolor=\"#CCCCCC\">\u00a0<\/td><\/tr><\/tbody><\/table>\t\t\t\t\t\t\t\t<\/div>\n\t\t\t\t<\/div>\n\t\t\t\t\t<\/div>\n\t\t<\/div>\n\t\t\t\t\t<\/div>\n\t\t<\/section>\n\t\t\t\t<section class=\"elementor-section elementor-top-section elementor-element elementor-element-b6bcd8a elementor-section-boxed elementor-section-height-default elementor-section-height-default\" data-id=\"b6bcd8a\" data-element_type=\"section\">\n\t\t\t\t\t\t<div class=\"elementor-container elementor-column-gap-default\">\n\t\t\t\t\t<div class=\"elementor-column elementor-col-100 elementor-top-column elementor-element elementor-element-7ca0cd0\" data-id=\"7ca0cd0\" data-element_type=\"column\">\n\t\t\t<div class=\"elementor-widget-wrap elementor-element-populated\">\n\t\t\t\t\t\t<div class=\"elementor-element elementor-element-e8e6fc4 elementor-widget__width-inherit elementor-fixed elementor-widget elementor-widget-image\" data-id=\"e8e6fc4\" data-element_type=\"widget\" data-settings=\"{&quot;_position&quot;:&quot;fixed&quot;}\" data-widget_type=\"image.default\">\n\t\t\t\t<div class=\"elementor-widget-container\">\n\t\t\t\t\t\t\t\t\t\t\t\t\t\t\t<img decoding=\"async\" width=\"690\" height=\"197\" src=\"https:\/\/www.laredoantidoping.com\/wp-content\/uploads\/2021\/09\/back-pages-1024x292.png\" class=\"attachment-large size-large wp-image-783\" alt=\"\" srcset=\"https:\/\/www.laredoantidoping.com\/wp-content\/uploads\/2021\/09\/back-pages-1024x292.png 1024w, https:\/\/www.laredoantidoping.com\/wp-content\/uploads\/2021\/09\/back-pages-300x86.png 300w, https:\/\/www.laredoantidoping.com\/wp-content\/uploads\/2021\/09\/back-pages-768x219.png 768w, https:\/\/www.laredoantidoping.com\/wp-content\/uploads\/2021\/09\/back-pages.png 1275w\" sizes=\"(max-width: 690px) 100vw, 690px\" \/>\t\t\t\t\t\t\t\t\t\t\t\t\t\t\t<\/div>\n\t\t\t\t<\/div>\n\t\t\t\t\t<\/div>\n\t\t<\/div>\n\t\t\t\t\t<\/div>\n\t\t<\/section>\n\t\t\t\t<\/div>","protected":false},"excerpt":{"rendered":"<p>DOT Testing DOT drug tests are introduced by the Department of Transportation or DOT in the US. These testing standards and guidelines are the benchmark for employee testing for drugs. What is a DOT drug test?Before an organization recruits a person, they need to screen the individual for any drug abuse. The procedures of such<br \/><a class=\"moretag\" href=\"https:\/\/www.laredoantidoping.com\/es\/dot-testing\/\">+ Read More<\/a><\/p>","protected":false},"author":1,"featured_media":1035,"parent":0,"menu_order":0,"comment_status":"closed","ping_status":"closed","template":"templates\/page-builder.php","meta":{"footnotes":""},"class_list":["post-294","page","type-page","status-publish","has-post-thumbnail","hentry"],"_links":{"self":[{"href":"https:\/\/www.laredoantidoping.com\/es\/wp-json\/wp\/v2\/pages\/294","targetHints":{"allow":["GET"]}}],"collection":[{"href":"https:\/\/www.laredoantidoping.com\/es\/wp-json\/wp\/v2\/pages"}],"about":[{"href":"https:\/\/www.laredoantidoping.com\/es\/wp-json\/wp\/v2\/types\/page"}],"author":[{"embeddable":true,"href":"https:\/\/www.laredoantidoping.com\/es\/wp-json\/wp\/v2\/users\/1"}],"replies":[{"embeddable":true,"href":"https:\/\/www.laredoantidoping.com\/es\/wp-json\/wp\/v2\/comments?post=294"}],"version-history":[{"count":97,"href":"https:\/\/www.laredoantidoping.com\/es\/wp-json\/wp\/v2\/pages\/294\/revisions"}],"predecessor-version":[{"id":1248,"href":"https:\/\/www.laredoantidoping.com\/es\/wp-json\/wp\/v2\/pages\/294\/revisions\/1248"}],"wp:featuredmedia":[{"embeddable":true,"href":"https:\/\/www.laredoantidoping.com\/es\/wp-json\/wp\/v2\/media\/1035"}],"wp:attachment":[{"href":"https:\/\/www.laredoantidoping.com\/es\/wp-json\/wp\/v2\/media?parent=294"}],"curies":[{"name":"wp","href":"https:\/\/api.w.org\/{rel}","templated":true}]}}