{"id":323,"date":"2021-09-09T00:04:38","date_gmt":"2021-09-09T00:04:38","guid":{"rendered":"http:\/\/wp.laredoantidoping.com\/?page_id=323"},"modified":"2021-10-21T18:41:08","modified_gmt":"2021-10-21T18:41:08","slug":"reasonable-suspicion-training","status":"publish","type":"page","link":"https:\/\/www.laredoantidoping.com\/es\/reasonable-suspicion-training\/","title":{"rendered":"Sospecha Razonable"},"content":{"rendered":"<div data-elementor-type=\"wp-page\" data-elementor-id=\"323\" class=\"elementor elementor-323\">\n\t\t\t\t\t\t<section class=\"elementor-section elementor-top-section elementor-element elementor-element-25b0089 elementor-section-boxed elementor-section-height-default elementor-section-height-default\" data-id=\"25b0089\" data-element_type=\"section\">\n\t\t\t\t\t\t<div class=\"elementor-container elementor-column-gap-default\">\n\t\t\t\t\t<div class=\"elementor-column elementor-col-100 elementor-top-column elementor-element elementor-element-c797383\" data-id=\"c797383\" data-element_type=\"column\">\n\t\t\t<div class=\"elementor-widget-wrap elementor-element-populated\">\n\t\t\t\t\t\t<div class=\"elementor-element elementor-element-81387ec elementor-widget elementor-widget-heading\" data-id=\"81387ec\" data-element_type=\"widget\" data-widget_type=\"heading.default\">\n\t\t\t\t<div class=\"elementor-widget-container\">\n\t\t\t\t\t<h1 class=\"elementor-heading-title elementor-size-default\">Sospecha Razonable<\/h1>\t\t\t\t<\/div>\n\t\t\t\t<\/div>\n\t\t\t\t\t<\/div>\n\t\t<\/div>\n\t\t\t\t\t<\/div>\n\t\t<\/section>\n\t\t\t\t<section class=\"elementor-section elementor-top-section elementor-element elementor-element-16f440f elementor-section-boxed elementor-section-height-default elementor-section-height-default\" data-id=\"16f440f\" data-element_type=\"section\">\n\t\t\t\t\t\t<div class=\"elementor-container elementor-column-gap-default\">\n\t\t\t\t\t<div class=\"elementor-column elementor-col-50 elementor-top-column elementor-element elementor-element-8aeb46c\" data-id=\"8aeb46c\" data-element_type=\"column\">\n\t\t\t<div class=\"elementor-widget-wrap elementor-element-populated\">\n\t\t\t\t\t\t<div class=\"elementor-element elementor-element-1f185d8 elementor-widget elementor-widget-text-editor\" data-id=\"1f185d8\" data-element_type=\"widget\" data-widget_type=\"text-editor.default\">\n\t\t\t\t<div class=\"elementor-widget-container\">\n\t\t\t\t\t\t\t\t\t<p align=\"left\"><strong><br \/><\/strong>Ofrecemos el alcohol y las drogas de capacitaci\u00f3n para los supervisores de la educaci\u00f3n que necesitan el DOT requiere y la conciencia de los signos y s\u00edntomas de abuso de sustancia de trabajo para apoyar sus pol\u00edticas de libre de drogas y procedimientos de trabajo.<\/p><p align=\"left\"><strong>Informaci\u00f3n importante acerca de este programa de entrenamiento:<\/strong><br \/>El objetivo de este programa es motivar a los supervisores, aumentar su conocimiento, que permite reducir y mejorar su disposici\u00f3n a cooperar con la pol\u00edtica de trabajo libre de drogas de parte del empleador. Este programa se puede modificar, por lo que pueden hacer los cambios que desee y a\u00f1adir a sus capacidades a trav\u00e9s del tiempo para satisfacer las necesidades de los supervisores rige por ninguna de las cinco industrias regulados por DOT.<\/p><p align=\"left\">Use este programa de capacitaci\u00f3n para educar a los supervisores en los no-DOT, la formaci\u00f3n en cualquier lugar de trabajo tambi\u00e9n, como los directores de escuelas, as\u00ed-como, gerentes de construcci\u00f3n, los supervisores de enfermer\u00eda y otros profesionales que supervisan a grupos de empleados conocidos por m\u00e1s altas que las normales de abuso de sustancias.<\/p>\t\t\t\t\t\t\t\t<\/div>\n\t\t\t\t<\/div>\n\t\t\t\t\t<\/div>\n\t\t<\/div>\n\t\t\t\t<div class=\"elementor-column elementor-col-50 elementor-top-column elementor-element elementor-element-52ff319\" data-id=\"52ff319\" data-element_type=\"column\">\n\t\t\t<div class=\"elementor-widget-wrap elementor-element-populated\">\n\t\t\t\t\t\t<div class=\"elementor-element elementor-element-63e1be0 elementor-widget elementor-widget-image\" data-id=\"63e1be0\" data-element_type=\"widget\" data-widget_type=\"image.default\">\n\t\t\t\t<div class=\"elementor-widget-container\">\n\t\t\t\t\t\t\t\t\t\t\t\t\t\t\t<img fetchpriority=\"high\" decoding=\"async\" width=\"690\" height=\"460\" src=\"https:\/\/www.laredoantidoping.com\/wp-content\/uploads\/2021\/09\/about-us-1024x683.jpg\" class=\"attachment-large size-large wp-image-507\" alt=\"\" srcset=\"https:\/\/www.laredoantidoping.com\/wp-content\/uploads\/2021\/09\/about-us-1024x683.jpg 1024w, https:\/\/www.laredoantidoping.com\/wp-content\/uploads\/2021\/09\/about-us-300x200.jpg 300w, https:\/\/www.laredoantidoping.com\/wp-content\/uploads\/2021\/09\/about-us-768x512.jpg 768w, https:\/\/www.laredoantidoping.com\/wp-content\/uploads\/2021\/09\/about-us.jpg 1200w\" sizes=\"(max-width: 690px) 100vw, 690px\" \/>\t\t\t\t\t\t\t\t\t\t\t\t\t\t\t<\/div>\n\t\t\t\t<\/div>\n\t\t\t\t\t<\/div>\n\t\t<\/div>\n\t\t\t\t\t<\/div>\n\t\t<\/section>\n\t\t\t\t<section class=\"elementor-section elementor-top-section elementor-element elementor-element-8577c06 elementor-section-boxed elementor-section-height-default elementor-section-height-default\" data-id=\"8577c06\" data-element_type=\"section\">\n\t\t\t\t\t\t<div class=\"elementor-container elementor-column-gap-default\">\n\t\t\t\t\t<div class=\"elementor-column elementor-col-100 elementor-top-column elementor-element elementor-element-be31996\" data-id=\"be31996\" data-element_type=\"column\">\n\t\t\t<div class=\"elementor-widget-wrap elementor-element-populated\">\n\t\t\t\t\t\t<div class=\"elementor-element elementor-element-9f412eb elementor-widget__width-inherit elementor-fixed elementor-widget elementor-widget-image\" data-id=\"9f412eb\" data-element_type=\"widget\" data-settings=\"{&quot;_position&quot;:&quot;fixed&quot;}\" data-widget_type=\"image.default\">\n\t\t\t\t<div class=\"elementor-widget-container\">\n\t\t\t\t\t\t\t\t\t\t\t\t\t\t\t<img decoding=\"async\" width=\"690\" height=\"197\" src=\"https:\/\/www.laredoantidoping.com\/wp-content\/uploads\/2021\/09\/back-pages-1024x292.png\" class=\"attachment-large size-large wp-image-783\" alt=\"\" srcset=\"https:\/\/www.laredoantidoping.com\/wp-content\/uploads\/2021\/09\/back-pages-1024x292.png 1024w, https:\/\/www.laredoantidoping.com\/wp-content\/uploads\/2021\/09\/back-pages-300x86.png 300w, https:\/\/www.laredoantidoping.com\/wp-content\/uploads\/2021\/09\/back-pages-768x219.png 768w, https:\/\/www.laredoantidoping.com\/wp-content\/uploads\/2021\/09\/back-pages.png 1275w\" sizes=\"(max-width: 690px) 100vw, 690px\" \/>\t\t\t\t\t\t\t\t\t\t\t\t\t\t\t<\/div>\n\t\t\t\t<\/div>\n\t\t\t\t\t<\/div>\n\t\t<\/div>\n\t\t\t\t\t<\/div>\n\t\t<\/section>\n\t\t\t\t<\/div>","protected":false},"excerpt":{"rendered":"<p>Reasonable Suspicion Training We offer alcohol and drug training for supervisors needing DOT required education and awareness for signs and symptoms of workplace substance abuse to support their drug-free workplace policies and procedures. Important Information About this Training Program: The goal of this program is to motivate supervisors, increase their awareness, reduce enabling, and improve<br \/><a class=\"moretag\" href=\"https:\/\/www.laredoantidoping.com\/es\/reasonable-suspicion-training\/\">+ Read More<\/a><\/p>","protected":false},"author":1,"featured_media":1035,"parent":0,"menu_order":0,"comment_status":"closed","ping_status":"closed","template":"templates\/page-builder.php","meta":{"footnotes":""},"class_list":["post-323","page","type-page","status-publish","has-post-thumbnail","hentry"],"_links":{"self":[{"href":"https:\/\/www.laredoantidoping.com\/es\/wp-json\/wp\/v2\/pages\/323","targetHints":{"allow":["GET"]}}],"collection":[{"href":"https:\/\/www.laredoantidoping.com\/es\/wp-json\/wp\/v2\/pages"}],"about":[{"href":"https:\/\/www.laredoantidoping.com\/es\/wp-json\/wp\/v2\/types\/page"}],"author":[{"embeddable":true,"href":"https:\/\/www.laredoantidoping.com\/es\/wp-json\/wp\/v2\/users\/1"}],"replies":[{"embeddable":true,"href":"https:\/\/www.laredoantidoping.com\/es\/wp-json\/wp\/v2\/comments?post=323"}],"version-history":[{"count":39,"href":"https:\/\/www.laredoantidoping.com\/es\/wp-json\/wp\/v2\/pages\/323\/revisions"}],"predecessor-version":[{"id":1037,"href":"https:\/\/www.laredoantidoping.com\/es\/wp-json\/wp\/v2\/pages\/323\/revisions\/1037"}],"wp:featuredmedia":[{"embeddable":true,"href":"https:\/\/www.laredoantidoping.com\/es\/wp-json\/wp\/v2\/media\/1035"}],"wp:attachment":[{"href":"https:\/\/www.laredoantidoping.com\/es\/wp-json\/wp\/v2\/media?parent=323"}],"curies":[{"name":"wp","href":"https:\/\/api.w.org\/{rel}","templated":true}]}}